{"id":17462,"date":"2022-09-19T11:59:21","date_gmt":"2022-09-19T16:59:21","guid":{"rendered":"https:\/\/shopatmarketstreet.com\/sobre-nosotros\/codigo-de-conducta\/"},"modified":"2023-09-18T14:36:26","modified_gmt":"2023-09-18T19:36:26","slug":"codigo-de-conducta","status":"publish","type":"page","link":"https:\/\/shopatmarketstreet.com\/es\/sobre-nosotros\/codigo-de-conducta\/","title":{"rendered":"C\u00f3digo de conducta"},"content":{"rendered":"<p class=\"pgq9qv5ngxcuo-MsoNormal\">Bienvenido a Market Street. Como propiedad privada queremos garantizar una experiencia segura y agradable a todos los hu\u00e9spedes, por favor respete las siguientes normas que se han establecido:<\/p>\n<p class=\"pd54ilwrxai10-MsoNormal\">NORMAS GENERALES<\/p>\n<ul type=\"disc\">\n<li class=\"pfccaqoainyde-MsoNormal\">Se requiere vestimenta adecuada en todo momento, incluidos zapatos y camisas. Est\u00e1n prohibidos los pasamonta\u00f1as, las sudaderas con capucha que cubran la cara o cualquier forma de m\u00e1scara. (Se permiten las prendas culturales utilizadas con fines religiosos o las mascarillas sanitarias utilizadas para afecciones m\u00e9dicas). Se proh\u00edbe a los hu\u00e9spedes en traje de ba\u00f1o, beb\u00e9s vestidos s\u00f3lo con pa\u00f1ales. Nos reservamos el derecho de expulsar a cualquier persona que lleve un atuendo que consideremos inadecuado.<\/li>\n<li class=\"pybw3ek68qrgd-MsoNormal\">Por favor, muestre cortes\u00eda a todos los invitados de Market Street no pele\u00e1ndose, usando gestos obscenos o lenguaje ofensivo, insultos \u00e9tnicos u otro comportamiento perturbador.<\/li>\n<li class=\"phvg4ineaocit-MsoNormal\">Los menores de 17 a\u00f1os deben ir acompa\u00f1ados por uno de sus padres o un tutor a partir de las 19.00 horas.<\/li>\n<li class=\"p9exe22v3412o-MsoNormal\">Los ni\u00f1os deben estar supervisados en todo momento.<\/li>\n<li class=\"pmhkjl6loh94v-MsoNormal\">No est\u00e1 permitido fumar en la zona verde. No est\u00e1 permitido fumar a menos de 25 pies de la puerta principal de ning\u00fan establecimiento. (Quedan excluidos los restaurantes con zonas designadas para fumadores).<\/li>\n<li class=\"p2tomtv57fgw8-MsoNormal\">Los animales dom\u00e9sticos son bienvenidos, pero deben llevar correa y permanecer con sus due\u00f1os en todo momento. El comportamiento agresivo debe ser controlado o se pedir\u00e1 al propietario que saque a su mascota de la propiedad. No se admiten mascotas en zonas ajardinadas o de c\u00e9sped. No se admiten animales de compa\u00f1\u00eda en el c\u00e9sped de las zonas verdes. Los propietarios son responsables de la limpieza de las mascotas.<\/li>\n<li class=\"py8lw0w7cmbpf-MsoNormal\">No est\u00e1 permitido merodear.<\/li>\n<li class=\"py8lw0w7cmbpf-MsoNormal\">Prohibidas las armas, incluidas, entre otras, las armas de fuego (excepto las que lleven consigo los agentes de la autoridad en el ejercicio de sus funciones), los cuchillos o cualquier otro objeto que pueda utilizarse para causar lesiones corporales a otra persona.<\/li>\n<\/ul>\n<p class=\"pf4qx745qworh-MsoNormal\">ACTIVIDADES PROHIBIDAS<\/p>\n<ul type=\"disc\">\n<li class=\"pgbeo86uoplw9-MsoNormal\">Uso de espacios verdes o zonas comunes para eventos no autorizados. Se proh\u00edbe el uso de bandas, m\u00fasica, b\u00fasquedas del tesoro, flash mobs, manifestaciones o discursos, as\u00ed como el uso de banderas y pancartas con fines comerciales sin la autorizaci\u00f3n previa de la direcci\u00f3n.<\/li>\n<li class=\"p9hfr3cgnq5jo-MsoNormal\">Los fot\u00f3grafos o camar\u00f3grafos que deseen utilizar Market Street con fines comerciales o publicitarios deber\u00e1n obtener la autorizaci\u00f3n previa por escrito de la direcci\u00f3n.<\/li>\n<li class=\"pjgmmhpuk9p5s-MsoNormal\">La venta de bienes o servicios o la exposici\u00f3n de bienes o servicios para su venta.<\/li>\n<li class=\"pw75r0v72vtrw-MsoNormal\">Solicitar dinero, otras contribuciones o donaciones, a menos que lo apruebe previamente la administraci\u00f3n de la propiedad.<\/li>\n<li class=\"p2gvkj5io0f96-MsoNormal\">Recoger juegos deportivos (f\u00fatbol\/f\u00fatbol, etc.), saltar sobre piedras o muebles, subirse a los \u00e1rboles, tirar piedras, subirse a las barandillas de las vallas o cualquier juego brusco peligroso.<\/li>\n<li class=\"p9ryi8gxyfnc3-MsoNormal\">La distribuci\u00f3n de material impreso o grabado de cualquier tipo.<\/li>\n<li class=\"pshje7d4camu6-MsoNormal\">Cualquier acto inseguro que pueda impedir el funcionamiento del espacio verde de Market Street, las zonas comunes o el paseo.<\/li>\n<\/ul>\n<p class=\"pfqacsno5m1td-MsoNormal\">DERECHOS DE LA EMPRESA<\/p>\n<ul type=\"disc\">\n<li class=\"pv15bax3tgjnc-MsoNormal\">La direcci\u00f3n se reserva el derecho de exigir a una persona que abandone la propiedad en cualquier momento.<\/li>\n<li class=\"pwjex71nfo4ko-MsoNormal\">La direcci\u00f3n se reserva el derecho de cerrar la zona verde, cambiar el horario de funcionamiento, suspender o cancelar cualquier evento o programaci\u00f3n por cualquier motivo que considere necesario.<\/li>\n<li class=\"p8gn7votk5r2d-MsoNormal\">Market Street no se hace responsable de los da\u00f1os causados a los coches o a los bienes personales que se introduzcan en la propiedad.<\/li>\n<li class=\"pcea1h3lcjkl0-MsoNormal\">Podemos fotografiar, filmar, grabar en v\u00eddeo, registrar y reproducir de cualquier otro modo la imagen y\/o la voz de cualquier persona que entre en la propiedad y utilizarla para cualquier fin sin pagar a ninguna persona.<\/li>\n<\/ul>\n<p>&nbsp;<\/p>\n<p class=\"pee1n2nk1usol-MsoNormal\">El personal de Market Street y nuestros proveedores de seguridad est\u00e1n presentes a diario para garantizar un entorno seguro para nuestros hu\u00e9spedes y hacer cumplir nuestro C\u00f3digo de Conducta. Los oficiales, los guardias y el personal tienen autoridad para prohibir la entrada a quienes no cumplan nuestro C\u00f3digo de Conducta establecido.<\/p>\n","protected":false},"excerpt":{"rendered":"<p>Bienvenido a Market Street. Como propiedad privada queremos garantizar una experiencia segura y agradable a todos los hu\u00e9spedes, por favor respete las siguientes normas que se han establecido: NORMAS GENERALES Se requiere vestimenta adecuada en todo momento, incluidos zapatos y camisas. Est\u00e1n prohibidos los pasamonta\u00f1as, las sudaderas con capucha que cubran la cara o cualquier [&hellip;]<\/p>\n","protected":false},"author":25,"featured_media":15864,"parent":17443,"menu_order":0,"comment_status":"closed","ping_status":"closed","template":"","meta":{"_acf_changed":false,"footnotes":""},"class_list":["post-17462","page","type-page","status-publish","has-post-thumbnail","hentry"],"acf":[],"aioseo_notices":[],"_links":{"self":[{"href":"https:\/\/shopatmarketstreet.com\/es\/wp-json\/wp\/v2\/pages\/17462","targetHints":{"allow":["GET"]}}],"collection":[{"href":"https:\/\/shopatmarketstreet.com\/es\/wp-json\/wp\/v2\/pages"}],"about":[{"href":"https:\/\/shopatmarketstreet.com\/es\/wp-json\/wp\/v2\/types\/page"}],"author":[{"embeddable":true,"href":"https:\/\/shopatmarketstreet.com\/es\/wp-json\/wp\/v2\/users\/25"}],"replies":[{"embeddable":true,"href":"https:\/\/shopatmarketstreet.com\/es\/wp-json\/wp\/v2\/comments?post=17462"}],"version-history":[{"count":3,"href":"https:\/\/shopatmarketstreet.com\/es\/wp-json\/wp\/v2\/pages\/17462\/revisions"}],"predecessor-version":[{"id":19572,"href":"https:\/\/shopatmarketstreet.com\/es\/wp-json\/wp\/v2\/pages\/17462\/revisions\/19572"}],"up":[{"embeddable":true,"href":"https:\/\/shopatmarketstreet.com\/es\/wp-json\/wp\/v2\/pages\/17443"}],"wp:featuredmedia":[{"embeddable":true,"href":"https:\/\/shopatmarketstreet.com\/es\/wp-json\/wp\/v2\/media\/15864"}],"wp:attachment":[{"href":"https:\/\/shopatmarketstreet.com\/es\/wp-json\/wp\/v2\/media?parent=17462"}],"curies":[{"name":"wp","href":"https:\/\/api.w.org\/{rel}","templated":true}]}}