{"id":17431,"date":"2018-07-05T12:58:03","date_gmt":"2018-07-05T17:58:03","guid":{"rendered":"https:\/\/shopatmarketstreet.com\/visite\/"},"modified":"2023-08-01T15:01:14","modified_gmt":"2023-08-01T20:01:14","slug":"visite","status":"publish","type":"page","link":"https:\/\/shopatmarketstreet.com\/es\/visite\/","title":{"rendered":"Visite"},"content":{"rendered":"<p>Cuidadosamente dise\u00f1ado, y mucho m\u00e1s que al por menor. En Market Street encontrar\u00e1 de todo, desde lo \u00faltimo en moda hasta deliciosa comida, instalaciones de arte local, eventos sociales y caras siempre amables. Planifique su visita hoy mismo.<\/p>\n","protected":false},"excerpt":{"rendered":"<p>Cuidadosamente dise\u00f1ado, y mucho m\u00e1s que al por menor. En Market Street encontrar\u00e1 de todo, desde lo \u00faltimo en moda hasta deliciosa comida, instalaciones de arte local, eventos sociales y caras siempre amables. Planifique su visita hoy mismo.<\/p>\n","protected":false},"author":4,"featured_media":21178,"parent":0,"menu_order":0,"comment_status":"closed","ping_status":"closed","template":"page-visit.php","meta":{"_acf_changed":false,"footnotes":""},"class_list":["post-17431","page","type-page","status-publish","has-post-thumbnail","hentry"],"acf":[],"aioseo_notices":[],"_links":{"self":[{"href":"https:\/\/shopatmarketstreet.com\/es\/wp-json\/wp\/v2\/pages\/17431","targetHints":{"allow":["GET"]}}],"collection":[{"href":"https:\/\/shopatmarketstreet.com\/es\/wp-json\/wp\/v2\/pages"}],"about":[{"href":"https:\/\/shopatmarketstreet.com\/es\/wp-json\/wp\/v2\/types\/page"}],"author":[{"embeddable":true,"href":"https:\/\/shopatmarketstreet.com\/es\/wp-json\/wp\/v2\/users\/4"}],"replies":[{"embeddable":true,"href":"https:\/\/shopatmarketstreet.com\/es\/wp-json\/wp\/v2\/comments?post=17431"}],"version-history":[{"count":1,"href":"https:\/\/shopatmarketstreet.com\/es\/wp-json\/wp\/v2\/pages\/17431\/revisions"}],"predecessor-version":[{"id":17432,"href":"https:\/\/shopatmarketstreet.com\/es\/wp-json\/wp\/v2\/pages\/17431\/revisions\/17432"}],"wp:featuredmedia":[{"embeddable":true,"href":"https:\/\/shopatmarketstreet.com\/es\/wp-json\/wp\/v2\/media\/21178"}],"wp:attachment":[{"href":"https:\/\/shopatmarketstreet.com\/es\/wp-json\/wp\/v2\/media?parent=17431"}],"curies":[{"name":"wp","href":"https:\/\/api.w.org\/{rel}","templated":true}]}}