{"id":17452,"date":"2018-09-04T17:09:50","date_gmt":"2018-09-04T22:09:50","guid":{"rendered":"https:\/\/shopatmarketstreet.com\/cambio-por-caridad\/"},"modified":"2023-01-27T14:20:00","modified_gmt":"2023-01-27T20:20:00","slug":"cambio-por-caridad","status":"publish","type":"page","link":"http:\/\/shopatmarketstreet.com\/es\/cambio-por-caridad\/","title":{"rendered":"Cambio por caridad"},"content":{"rendered":"<p data-pm-slice=\"1 1 []\">Cuatro organizaciones ben\u00e9ficas del condado de Montgomery se beneficiar\u00e1n de los miles de d\u00f3lares en calderilla introducidos en <a href=\"https:\/\/www.visitthewoodlands.com\/things-to-do\/shopping\/market-street\/\" target=\"_self\" data-sv-linklookup-id=\"5e8c9862e2cbc945ae01e8f1\" data-sv-linklookup-type=\"plugins_nav_navitem_primary_main\" data-sv-targetauto=\"true\" rel=\"noopener\">Market Street&#8217;s<\/a>  parqu\u00edmetros premium durante todo el a\u00f1o, ya que el destino de compras, restaurantes y entretenimiento anuncia los beneficiarios del programa Change for Charity 2023: Montgomery County Community Foundation Veterans Fund, Education for Tomorrow Alliance, Montgomery County Food Bank y el Cook Family Health Education and Learning (HEAL) Center del Methodist Hospital de The Woodlands. Desde su creaci\u00f3n, el programa ha recaudado m\u00e1s de 250.000 d\u00f3lares para la comunidad local.<\/p>\n<p>El Woodlands Car Club tambi\u00e9n recauda generosamente dinero para los beneficiarios de Change for Charity a lo largo del a\u00f1o en sus eventos, que se celebran el primer domingo de cada mes. Sus aportaciones, junto con el importe donado a los 68 parqu\u00edmetros de Market Street, constituyen la cantidad total que se entrega cada trimestre a una organizaci\u00f3n ben\u00e9fica seleccionada.<\/p>\n<p data-pm-slice=\"1 1 []\">El Fondo de Veteranos de la Fundaci\u00f3n Comunitaria del Condado de Montgomery, beneficiario del primer trimestre del programa, une las pasiones de los donantes con el futuro mediante la creaci\u00f3n de legados que mejoran la calidad de vida de los residentes del condado de Montgomery a trav\u00e9s de becas posteriores a la ense\u00f1anza secundaria y el apoyo a organizaciones sin \u00e1nimo de lucro que prestan servicio en el condado de Montgomery.<\/p>\n<p>El beneficiario del segundo trimestre, Education for Tomorrow Alliance, Education for Tomorrow Alliance es una organizaci\u00f3n sin \u00e1nimo de lucro dedicada a conectar las comunidades empresarial y educativa del condado de Montgomery (Texas). Con programas innovadores centrados en la preparaci\u00f3n profesional, el liderazgo y las STEM (ciencias, tecnolog\u00eda, ingenier\u00eda y matem\u00e1ticas), la EfTA es el portal a trav\u00e9s del cual los l\u00edderes empresariales pueden acceder a la educaci\u00f3n local y reforzarla.<\/p>\n<p>El Banco de Alimentos del Condado de Montgomery, beneficiario del tercer trimestre del programa, tiene como misi\u00f3n unir a la comunidad para luchar contra el hambre. La organizaci\u00f3n tiene la visi\u00f3n de una comunidad en la que todos tengan acceso a alimentos suficientes y nutritivos. Los programas del Banco de Alimentos del condado de Montgomery incluyen programas de distribuci\u00f3n escolar, educaci\u00f3n nutricional, distribuciones a personas mayores, mercados m\u00f3viles y mucho m\u00e1s.<\/p>\n<p>El beneficiario del cuarto trimestre de Change for Charity de Market Street, Cook Family Health Education and Learning (HEAL) Center del Methodist Hospital The Woodlands, HEAL albergar\u00e1 recursos de navegaci\u00f3n, educaci\u00f3n y expertos que apoyan la curaci\u00f3n y mejoran el bienestar. El programa Cook Family HEAL, que se pondr\u00e1 en marcha en 2023, ofrecer\u00e1 recursos in situ para los pacientes y sus familias. Market Street se enorgullece de apoyar este recurso de reciente creaci\u00f3n y tiene el honor de ser un socio de larga data del Houston Methodist The Woodlands.<\/p>\n","protected":false},"excerpt":{"rendered":"<p>Cuatro organizaciones ben\u00e9ficas del condado de Montgomery se beneficiar\u00e1n de los miles de d\u00f3lares en calderilla introducidos en Market Street&#8217;s parqu\u00edmetros premium durante todo el a\u00f1o, ya que el destino de compras, restaurantes y entretenimiento anuncia los beneficiarios del programa Change for Charity 2023: Montgomery County Community Foundation Veterans Fund, Education for Tomorrow Alliance, Montgomery [&hellip;]<\/p>\n","protected":false},"author":4,"featured_media":16176,"parent":0,"menu_order":0,"comment_status":"closed","ping_status":"closed","template":"page-charity.php","meta":{"_acf_changed":false,"footnotes":""},"class_list":["post-17452","page","type-page","status-publish","has-post-thumbnail","hentry"],"acf":[],"aioseo_notices":[],"_links":{"self":[{"href":"http:\/\/shopatmarketstreet.com\/es\/wp-json\/wp\/v2\/pages\/17452","targetHints":{"allow":["GET"]}}],"collection":[{"href":"http:\/\/shopatmarketstreet.com\/es\/wp-json\/wp\/v2\/pages"}],"about":[{"href":"http:\/\/shopatmarketstreet.com\/es\/wp-json\/wp\/v2\/types\/page"}],"author":[{"embeddable":true,"href":"http:\/\/shopatmarketstreet.com\/es\/wp-json\/wp\/v2\/users\/4"}],"replies":[{"embeddable":true,"href":"http:\/\/shopatmarketstreet.com\/es\/wp-json\/wp\/v2\/comments?post=17452"}],"version-history":[{"count":1,"href":"http:\/\/shopatmarketstreet.com\/es\/wp-json\/wp\/v2\/pages\/17452\/revisions"}],"predecessor-version":[{"id":17453,"href":"http:\/\/shopatmarketstreet.com\/es\/wp-json\/wp\/v2\/pages\/17452\/revisions\/17453"}],"wp:featuredmedia":[{"embeddable":true,"href":"http:\/\/shopatmarketstreet.com\/es\/wp-json\/wp\/v2\/media\/16176"}],"wp:attachment":[{"href":"http:\/\/shopatmarketstreet.com\/es\/wp-json\/wp\/v2\/media?parent=17452"}],"curies":[{"name":"wp","href":"https:\/\/api.w.org\/{rel}","templated":true}]}}