{"id":17443,"date":"2018-07-26T09:14:57","date_gmt":"2018-07-26T14:14:57","guid":{"rendered":"https:\/\/shopatmarketstreet.com\/sobre-nosotros\/"},"modified":"2023-01-27T14:19:55","modified_gmt":"2023-01-27T20:19:55","slug":"sobre-nosotros","status":"publish","type":"page","link":"http:\/\/shopatmarketstreet.com\/es\/sobre-nosotros\/","title":{"rendered":"Sobre nosotros"},"content":{"rendered":"<p>Market Street es un destino de uso mixto al aire libre en The Woodlands, una galardonada comunidad planificada de 28.500 acres que acaba de ser reconocida como la primera mejor comunidad para vivir en EE.UU.<\/p>\n<p>Situada justo al norte de Houston, esta zona de gran solidez financiera es l\u00edder nacional en crecimiento demogr\u00e1fico, renta prescindible, educaci\u00f3n y patrimonio neto. Market Street es el eje en torno al cual giran las comunidades al norte de Houston y cuenta con m\u00e1s de 375.000 pies cuadrados de locales comerciales, combinados con 117.000 pies cuadrados de oficinas de clase A y un hotel de 70 habitaciones y 7OK pies cuadrados.<\/p>\n<p><a class=\"orange btn\" href=\"http:\/\/shopatmarketstreet.com\/es\/?page_id=17462\">C\u00f3digo de conducta<\/a><\/p>\n","protected":false},"excerpt":{"rendered":"<p>Market Street es un destino de uso mixto al aire libre en The Woodlands, una galardonada comunidad planificada de 28.500 acres que acaba de ser reconocida como la primera mejor comunidad para vivir en EE.UU. Situada justo al norte de Houston, esta zona de gran solidez financiera es l\u00edder nacional en crecimiento demogr\u00e1fico, renta prescindible, [&hellip;]<\/p>\n","protected":false},"author":4,"featured_media":21176,"parent":0,"menu_order":0,"comment_status":"closed","ping_status":"closed","template":"","meta":{"_acf_changed":false,"footnotes":""},"class_list":["post-17443","page","type-page","status-publish","has-post-thumbnail","hentry"],"acf":[],"aioseo_notices":[],"_links":{"self":[{"href":"http:\/\/shopatmarketstreet.com\/es\/wp-json\/wp\/v2\/pages\/17443","targetHints":{"allow":["GET"]}}],"collection":[{"href":"http:\/\/shopatmarketstreet.com\/es\/wp-json\/wp\/v2\/pages"}],"about":[{"href":"http:\/\/shopatmarketstreet.com\/es\/wp-json\/wp\/v2\/types\/page"}],"author":[{"embeddable":true,"href":"http:\/\/shopatmarketstreet.com\/es\/wp-json\/wp\/v2\/users\/4"}],"replies":[{"embeddable":true,"href":"http:\/\/shopatmarketstreet.com\/es\/wp-json\/wp\/v2\/comments?post=17443"}],"version-history":[{"count":1,"href":"http:\/\/shopatmarketstreet.com\/es\/wp-json\/wp\/v2\/pages\/17443\/revisions"}],"predecessor-version":[{"id":17444,"href":"http:\/\/shopatmarketstreet.com\/es\/wp-json\/wp\/v2\/pages\/17443\/revisions\/17444"}],"wp:featuredmedia":[{"embeddable":true,"href":"http:\/\/shopatmarketstreet.com\/es\/wp-json\/wp\/v2\/media\/21176"}],"wp:attachment":[{"href":"http:\/\/shopatmarketstreet.com\/es\/wp-json\/wp\/v2\/media?parent=17443"}],"curies":[{"name":"wp","href":"https:\/\/api.w.org\/{rel}","templated":true}]}}